{"id":2,"date":"2023-09-26T11:11:28","date_gmt":"2023-09-26T11:11:28","guid":{"rendered":"https:\/\/badminton.djk-saxonia.de\/?page_id=2"},"modified":"2025-06-02T10:56:42","modified_gmt":"2025-06-02T08:56:42","slug":"sample-page","status":"publish","type":"page","link":"https:\/\/badminton.djk-saxonia.de\/","title":{"rendered":"Startseite"},"content":{"rendered":"<p><div class=\"fusion-fullwidth fullwidth-box fusion-builder-row-1 fusion-flex-container nonhundred-percent-fullwidth non-hundred-percent-height-scrolling\" style=\"background-color: rgba(255,255,255,0);background-position: center center;background-repeat: no-repeat;border-width: 0px 0px 0px 0px;border-color:#e2e2e2;border-style:solid;\" ><div class=\"fusion-builder-row fusion-row fusion-flex-align-items-flex-start\" style=\"max-width:1248px;margin-left: calc(-4% \/ 2 );margin-right: calc(-4% \/ 2 );\"><div class=\"fusion-layout-column fusion_builder_column fusion-builder-column-0 fusion_builder_column_1_2 1_2 fusion-flex-column\"><div class=\"fusion-column-wrapper fusion-flex-justify-content-flex-start fusion-content-layout-column\" style=\"background-position:left top;background-repeat:no-repeat;-webkit-background-size:cover;-moz-background-size:cover;-o-background-size:cover;background-size:cover;padding: 0px 0px 0px 0px;\"><div class=\"fusion-text fusion-text-1 fusion-animated\" data-animationType=\"bounceInUp\" data-animationDuration=\"3.0\" data-animationOffset=\"top-into-view\"><h1 style=\"text-align: center;\">DJK<\/h1>\n<h1 style=\"text-align: center;\">Bundesmeisterschaften<\/h1>\n<h1 style=\"text-align: center;\">2025<img decoding=\"async\" class=\"alignnone wp-image-993 aligncenter\" src=\"https:\/\/badminton.djk-saxonia.de\/wp-content\/uploads\/2025\/06\/Kaufland.png\" alt=\"\" width=\"99\" height=\"99\" \/><\/h1>\n<\/div><\/div><style type=\"text\/css\">.fusion-body .fusion-builder-column-0{width:50% !important;margin-top : 0px;margin-bottom : 20px;}.fusion-builder-column-0 > .fusion-column-wrapper {padding-top : 0px !important;padding-right : 0px !important;margin-right : 3.84%;padding-bottom : 0px !important;padding-left : 0px !important;margin-left : 3.84%;}@media only screen and (max-width:1024px) {.fusion-body .fusion-builder-column-0{width:50% !important;order : 0;}.fusion-builder-column-0 > .fusion-column-wrapper {margin-right : 3.84%;margin-left : 3.84%;}}@media only screen and (max-width:640px) {.fusion-body .fusion-builder-column-0{width:100% !important;order : 0;}.fusion-builder-column-0 > .fusion-column-wrapper {margin-right : 1.92%;margin-left : 1.92%;}}<\/style><\/div><div class=\"fusion-layout-column fusion_builder_column fusion-builder-column-1 fusion_builder_column_1_2 1_2 fusion-flex-column\"><div class=\"fusion-column-wrapper fusion-flex-justify-content-flex-start fusion-content-layout-column\" style=\"background-position:left top;background-blend-mode: overlay;background-repeat:no-repeat;-webkit-background-size:cover;-moz-background-size:cover;-o-background-size:cover;background-size:cover;padding: 0px 0px 0px 0px;\"><div class=\"fusion-slider-sc\"><div class=\"fusion-flexslider-loading flexslider fusion-alignright flexslider-hover-type-none\" data-slideshow_autoplay=\"1\" data-slideshow_smooth_height=\"0\" data-slideshow_speed=\"5000\" style=\"max-width:75%;height:75%;\"><ul class=\"slides\"><li class=\"image\"><span class=\"fusion-image-hover-element hover-type-none\"><img decoding=\"async\" src=\"https:\/\/badminton.djk-saxonia.de\/wp-content\/uploads\/2025\/05\/Trikot-400x400.png\" width=\"400\" height=\"400\" class=\"wp-image-977\" srcset=\"https:\/\/badminton.djk-saxonia.de\/wp-content\/uploads\/2025\/05\/Trikot-200x200.png 200w, https:\/\/badminton.djk-saxonia.de\/wp-content\/uploads\/2025\/05\/Trikot-400x400.png 400w, https:\/\/badminton.djk-saxonia.de\/wp-content\/uploads\/2025\/05\/Trikot-600x600.png 600w, https:\/\/badminton.djk-saxonia.de\/wp-content\/uploads\/2025\/05\/Trikot-800x800.png 800w, https:\/\/badminton.djk-saxonia.de\/wp-content\/uploads\/2025\/05\/Trikot-1200x1200.png 1200w\" sizes=\"(max-width: 640px) 100vw, 600px\" \/><\/span><\/li><\/ul><\/div><\/div><\/div><style type=\"text\/css\">.fusion-body .fusion-builder-column-1{width:50% !important;margin-top : 0px;margin-bottom : 0px;}.fusion-builder-column-1 > .fusion-column-wrapper {padding-top : 0px !important;padding-right : 0px !important;margin-right : 3.84%;padding-bottom : 0px !important;padding-left : 0px !important;margin-left : 3.84%;}@media only screen and (max-width:1024px) {.fusion-body .fusion-builder-column-1{width:50% !important;}.fusion-builder-column-1 > .fusion-column-wrapper {margin-right : 3.84%;margin-left : 3.84%;}}@media only screen and (max-width:640px) {.fusion-body .fusion-builder-column-1{width:100% !important;}.fusion-builder-column-1 > .fusion-column-wrapper {margin-right : 1.92%;margin-left : 1.92%;}}<\/style><\/div><div class=\"fusion-layout-column fusion_builder_column fusion-builder-column-2 fusion_builder_column_1_1 1_1 fusion-flex-column\"><div class=\"fusion-column-wrapper fusion-flex-justify-content-flex-start fusion-content-layout-column\" style=\"background-position:left top;background-blend-mode: overlay;background-repeat:no-repeat;-webkit-background-size:cover;-moz-background-size:cover;-o-background-size:cover;background-size:cover;padding: 0px 0px 0px 0px;\"><div class=\"fusion-text fusion-text-2\"><p>Die Sporthalle der Geschwister-Scholl-Gesamtschule verwandelt sich vom 6. Bis 9. Juli, dem Pfingstwochenende, in einen Treffpunkt f\u00fcr Deutschlands beste DJK-Badmintonspielerinnen und Badmintonspieler. An vier Tagen messen sich dort mehr als 200 Sportlerinnen und Sportler aus dem gesamten Bundesgebiet bei den diesj\u00e4hrigen DJK-Bundesmeisterschaften im Badminton.<\/p>\n<p>Die Bundesmeisterschaften der Deutschen Jugendkraft (DJK) sind eine traditionsreiche Veranstaltung, die seit 1971 j\u00e4hrlich an Pfingsten ausgetragen wird. Dabei stehen nicht nur sportliche H\u00f6chstleistungen im Fokus, sondern vor allem auch der Gedanke der Gemeinschaft und des freundschaftlichen Austauschs zwischen den Vereinen.<\/p>\n<p>Die DJK Saxonia Dortmund 1922 e.V. fungiert in diesem Jahr als Gastgeber und das bereits zum zweiten Mal in ihrer Vereinsgeschichte. Dass Dortmund nach \u00fcber 20 Jahren nun wieder Austragungsort ist, freut die Organisatoren ganz besonders.<\/p>\n<p>In der Brackeler Halle treten Spielerinnen und Spieler aller Altersklassen von U11 bis O55 an \u2013 vom ambitionierten Hobbyspieler bis hin zum Bundesliga-Akteur. Dabei geht es um mehr als nur Medaillen: Die DJK-Bundesmeisterschaften sind ein sportliches Familientreffen, das \u00fcber Jahre hinweg Freundschaften entstehen l\u00e4sst. Viele der Teilnehmenden reisen seit Jahrzehnten regelm\u00e4\u00dfig zu dem Turnier \u2013 neue Gesichter sind stets willkommen.<\/p>\n<p>Ein besonderes Merkmal der Veranstaltung ist das gemeinschaftliche \u00dcbernachten: In fr\u00fcheren Jahren oft in Klassenzimmern, hat man sich in diesem Jahr f\u00fcr die Nutzung der Doppelturnhalle entschieden. Tags\u00fcber wird dort um Punkte und Titel gek\u00e4mpft, abends sorgt ein DJ f\u00fcr Musik und Unterhaltung f\u00fcr ein geselliges Beisammensein.<\/p>\n<\/div><\/div><style type=\"text\/css\">.fusion-body .fusion-builder-column-2{width:100% !important;margin-top : 0px;margin-bottom : 0px;}.fusion-builder-column-2 > .fusion-column-wrapper {padding-top : 0px !important;padding-right : 0px !important;margin-right : 1.92%;padding-bottom : 0px !important;padding-left : 0px !important;margin-left : 1.92%;}@media only screen and (max-width:1024px) {.fusion-body .fusion-builder-column-2{width:100% !important;}.fusion-builder-column-2 > .fusion-column-wrapper {margin-right : 1.92%;margin-left : 1.92%;}}@media only screen and (max-width:640px) {.fusion-body .fusion-builder-column-2{width:100% !important;}.fusion-builder-column-2 > .fusion-column-wrapper {margin-right : 1.92%;margin-left : 1.92%;}}<\/style><\/div><\/div><style type=\"text\/css\">.fusion-body .fusion-flex-container.fusion-builder-row-1{ padding-top : 0px;margin-top : 0px;padding-right : 0px;padding-bottom : 0px;margin-bottom : 0px;padding-left : 0px;}<\/style><\/div><div class=\"fusion-fullwidth fullwidth-box fusion-builder-row-2 fusion-flex-container nonhundred-percent-fullwidth non-hundred-percent-height-scrolling\" style=\"background-color: rgba(255,255,255,0);background-position: center center;background-repeat: no-repeat;border-width: 0px 0px 0px 0px;border-color:#e2e2e2;border-style:solid;\" ><div class=\"fusion-builder-row fusion-row fusion-flex-align-items-flex-start fusion-flex-justify-content-center\" style=\"max-width:1248px;margin-left: calc(-4% \/ 2 );margin-right: calc(-4% \/ 2 );\"><div class=\"fusion-layout-column fusion_builder_column fusion-builder-column-3 fusion_builder_column_1_1 1_1 fusion-flex-column\"><div class=\"fusion-column-wrapper fusion-flex-justify-content-flex-start fusion-content-layout-column\" style=\"background-position:left top;background-repeat:no-repeat;-webkit-background-size:cover;-moz-background-size:cover;-o-background-size:cover;background-size:cover;padding: 0px 0px 0px 0px;\"><\/div><style type=\"text\/css\">.fusion-body .fusion-builder-column-3{width:100% !important;margin-top : 0px;margin-bottom : 20px;}.fusion-builder-column-3 > .fusion-column-wrapper {padding-top : 0px !important;padding-right : 0px !important;margin-right : 1.92%;padding-bottom : 0px !important;padding-left : 0px !important;margin-left : 1.92%;}@media only screen and (max-width:1024px) {.fusion-body .fusion-builder-column-3{width:100% !important;order : 0;}.fusion-builder-column-3 > .fusion-column-wrapper {margin-right : 1.92%;margin-left : 1.92%;}}@media only screen and (max-width:640px) {.fusion-body .fusion-builder-column-3{width:100% !important;order : 0;}.fusion-builder-column-3 > .fusion-column-wrapper {margin-right : 1.92%;margin-left : 1.92%;}}<\/style><\/div><\/div><style type=\"text\/css\">.fusion-body .fusion-flex-container.fusion-builder-row-2{ padding-top : 0px;margin-top : 0px;padding-right : 0px;padding-bottom : 0px;margin-bottom : 0px;padding-left : 0px;}<\/style><\/div><\/p>\n","protected":false},"excerpt":{"rendered":"","protected":false},"author":1,"featured_media":0,"parent":0,"menu_order":0,"comment_status":"closed","ping_status":"open","template":"","meta":{"_acf_changed":false,"footnotes":""},"class_list":["post-2","page","type-page","status-publish","hentry"],"acf":[],"_links":{"self":[{"href":"https:\/\/badminton.djk-saxonia.de\/index.php?rest_route=\/wp\/v2\/pages\/2","targetHints":{"allow":["GET"]}}],"collection":[{"href":"https:\/\/badminton.djk-saxonia.de\/index.php?rest_route=\/wp\/v2\/pages"}],"about":[{"href":"https:\/\/badminton.djk-saxonia.de\/index.php?rest_route=\/wp\/v2\/types\/page"}],"author":[{"embeddable":true,"href":"https:\/\/badminton.djk-saxonia.de\/index.php?rest_route=\/wp\/v2\/users\/1"}],"replies":[{"embeddable":true,"href":"https:\/\/badminton.djk-saxonia.de\/index.php?rest_route=%2Fwp%2Fv2%2Fcomments&post=2"}],"version-history":[{"count":26,"href":"https:\/\/badminton.djk-saxonia.de\/index.php?rest_route=\/wp\/v2\/pages\/2\/revisions"}],"predecessor-version":[{"id":1000,"href":"https:\/\/badminton.djk-saxonia.de\/index.php?rest_route=\/wp\/v2\/pages\/2\/revisions\/1000"}],"wp:attachment":[{"href":"https:\/\/badminton.djk-saxonia.de\/index.php?rest_route=%2Fwp%2Fv2%2Fmedia&parent=2"}],"curies":[{"name":"wp","href":"https:\/\/api.w.org\/{rel}","templated":true}]}}